{"id":1863,"date":"2022-04-22T11:21:02","date_gmt":"2022-04-22T08:21:02","guid":{"rendered":"https:\/\/expo2023.org\/clarionhotelkahramanmaras\/"},"modified":"2022-04-22T12:29:55","modified_gmt":"2022-04-22T09:29:55","slug":"clarionhotelkahramanmaras","status":"publish","type":"page","link":"https:\/\/expo2023.org\/en\/clarionhotelkahramanmaras\/","title":{"rendered":"Clarion Hotel Kahramanmara\u015f"},"content":{"rendered":"\t\t<div data-elementor-type=\"wp-page\" data-elementor-id=\"1863\" class=\"elementor elementor-1863\" data-elementor-settings=\"{&quot;ha_cmc_init_switcher&quot;:&quot;no&quot;}\" data-elementor-post-type=\"page\">\n\t\t\t\t\t\t<section class=\"elementor-section elementor-top-section elementor-element elementor-element-70cb842 elementor-section-boxed elementor-section-height-default elementor-section-height-default\" data-id=\"70cb842\" data-element_type=\"section\" data-e-type=\"section\" data-settings=\"{&quot;_ha_eqh_enable&quot;:false}\">\n\t\t\t\t\t\t<div class=\"elementor-container elementor-column-gap-default\">\n\t\t\t\t\t<div class=\"elementor-column elementor-col-50 elementor-top-column elementor-element elementor-element-2cea5b1\" data-id=\"2cea5b1\" data-element_type=\"column\" data-e-type=\"column\">\n\t\t\t<div class=\"elementor-widget-wrap elementor-element-populated\">\n\t\t\t\t\t\t<div data-ha-element-link=\"{&quot;url&quot;:&quot;https:\\\/\\\/www.clarionhotelkahramanmaras.com\\\/&quot;,&quot;is_external&quot;:&quot;&quot;,&quot;nofollow&quot;:&quot;&quot;}\" style=\"cursor: pointer\" class=\"elementor-element elementor-element-e071f66 elementor-widget elementor-widget-image\" data-id=\"e071f66\" data-element_type=\"widget\" data-e-type=\"widget\" data-widget_type=\"image.default\">\n\t\t\t\t<div class=\"elementor-widget-container\">\n\t\t\t\t\t\t\t\t\t\t\t\t\t\t\t<img decoding=\"async\" width=\"300\" height=\"87\" src=\"https:\/\/expo2023.org\/wp-content\/uploads\/2022\/04\/clarion-logo-300x87.png\" class=\"attachment-medium size-medium wp-image-1794\" alt=\"\" srcset=\"https:\/\/expo2023.org\/wp-content\/uploads\/2022\/04\/clarion-logo-300x87.png 300w, https:\/\/expo2023.org\/wp-content\/uploads\/2022\/04\/clarion-logo-1024x296.png 1024w, https:\/\/expo2023.org\/wp-content\/uploads\/2022\/04\/clarion-logo-768x222.png 768w, https:\/\/expo2023.org\/wp-content\/uploads\/2022\/04\/clarion-logo-1536x443.png 1536w, https:\/\/expo2023.org\/wp-content\/uploads\/2022\/04\/clarion-logo-2048x591.png 2048w\" sizes=\"(max-width: 300px) 100vw, 300px\" \/>\t\t\t\t\t\t\t\t\t\t\t\t\t\t\t<\/div>\n\t\t\t\t<\/div>\n\t\t\t\t<div class=\"elementor-element elementor-element-52feab8 elementor-widget elementor-widget-text-editor\" data-id=\"52feab8\" data-element_type=\"widget\" data-e-type=\"widget\" data-widget_type=\"text-editor.default\">\n\t\t\t\t<div class=\"elementor-widget-container\">\n\t\t\t\t\t\t\t\t\t<div>&nbsp;<\/div>\n<ul id=\"contact_details_footer\">\n<li>Hayrullah Mahallesi, Malik Ejder Cd. No:34<br>Oniki\u015fubat \/ Kahramanmara\u015f, 46040<\/li>\n<li>Bilgi ve Rezervasyon:&nbsp;<a href=\"tel:03442341111\">0(344) 234 1111<\/a><\/li>\n<li><a href=\"mailto:info@clarionhotelkahramanmaras.com\">info@clarionhotelkahramanmaras.com<\/a><\/li>\n<\/ul>\t\t\t\t\t\t\t\t<\/div>\n\t\t\t\t<\/div>\n\t\t\t\t\t<\/div>\n\t\t<\/div>\n\t\t\t\t<div class=\"elementor-column elementor-col-50 elementor-top-column elementor-element elementor-element-fc5fd00\" data-id=\"fc5fd00\" data-element_type=\"column\" data-e-type=\"column\">\n\t\t\t<div class=\"elementor-widget-wrap elementor-element-populated\">\n\t\t\t\t\t\t<div class=\"elementor-element elementor-element-75db0db elementor-widget elementor-widget-google_maps\" data-id=\"75db0db\" data-element_type=\"widget\" data-e-type=\"widget\" data-widget_type=\"google_maps.default\">\n\t\t\t\t<div class=\"elementor-widget-container\">\n\t\t\t\t\t\t\t<div class=\"elementor-custom-embed\">\n\t\t\t<iframe loading=\"lazy\"\n\t\t\t\t\tsrc=\"https:\/\/maps.google.com\/maps?q=Hayrullah%2C%20Malik%20Ejder%20Cd.%20No%3A34%2C%2046040%20Oniki%C5%9Fubat%2FKahramanmara%C5%9F&#038;t=m&#038;z=16&#038;output=embed&#038;iwloc=near\"\n\t\t\t\t\ttitle=\"Hayrullah, Malik Ejder Cd. No:34, 46040 Oniki\u015fubat\/Kahramanmara\u015f\"\n\t\t\t\t\taria-label=\"Hayrullah, Malik Ejder Cd. No:34, 46040 Oniki\u015fubat\/Kahramanmara\u015f\"\n\t\t\t><\/iframe>\n\t\t<\/div>\n\t\t\t\t\t\t<\/div>\n\t\t\t\t<\/div>\n\t\t\t\t\t<\/div>\n\t\t<\/div>\n\t\t\t\t\t<\/div>\n\t\t<\/section>\n\t\t\t\t<section class=\"elementor-section elementor-top-section elementor-element elementor-element-bfa629d elementor-section-boxed elementor-section-height-default elementor-section-height-default\" data-id=\"bfa629d\" data-element_type=\"section\" data-e-type=\"section\" data-settings=\"{&quot;_ha_eqh_enable&quot;:false}\">\n\t\t\t\t\t\t<div class=\"elementor-container elementor-column-gap-default\">\n\t\t\t\t\t<div class=\"elementor-column elementor-col-100 elementor-top-column elementor-element elementor-element-0603726\" data-id=\"0603726\" data-element_type=\"column\" data-e-type=\"column\">\n\t\t\t<div class=\"elementor-widget-wrap elementor-element-populated\">\n\t\t\t\t\t\t<div class=\"elementor-element elementor-element-fb303f5 elementor-widget elementor-widget-text-editor\" data-id=\"fb303f5\" data-element_type=\"widget\" data-e-type=\"widget\" data-widget_type=\"text-editor.default\">\n\t\t\t\t<div class=\"elementor-widget-container\">\n\t\t\t\t\t\t\t\t\t<p style=\"margin-right: 0px; margin-bottom: 20px; margin-left: 0px; color: #555555; font-family: 'Varela Round', Arial, sans-serif; font-size: 13px;\">Kahramanmara\u015f merkezde konumland\u0131r\u0131lan Clarion Hotel olarak \u00f6zellikle i\u015f d\u00fcnyas\u0131n\u0131n ihtiya\u00e7lar\u0131na ve misafirlerimize konforlu t\u00fcm imk\u00e2nlar\u0131 sunacak \u015fekilde tasarlanm\u0131\u015ft\u0131r. Otelimizde misafirlerimizin huzurlu ve konforlu bir konaklama deneyimi edinmeleri i\u00e7in her ayr\u0131nt\u0131ya \u00f6zen g\u00f6sterdik. Neo klasik tarzda d\u00f6\u015fenmi\u015f, otantik odalar\u0131m\u0131zda yo\u011fun bir g\u00fcn\u00fcn ard\u0131ndan ev konforunu hissedebilirsiniz. S\u0131cak ve se\u00e7kin dizayn\u0131 ile \u00f6n planda olan odalar\u0131m\u0131zda \u00f6zel bir konaklama deneyimi ya\u015fayacaks\u0131n\u0131z. \u00c7e\u015fitli toplant\u0131 ve organizasyonlar\u0131n\u0131z i\u00e7in Toplant\u0131 &amp; Organizasyon Salonlar\u0131, Sa\u011fl\u0131k &amp; Tedavi Faaliyetleriniz i\u00e7in bir Sa\u011fl\u0131k Kul\u00fcb\u00fcm\u00fcz bulunmaktad\u0131r. Sa\u011fl\u0131k kul\u00fcb\u00fcm\u00fczde Geleneksel T\u00fcrk Hamam\u0131, Sauna, Buhar Odas\u0131, Tuz odas\u0131, Uzakdo\u011fu Masajlar\u0131, Kapal\u0131 Havuz vb. hizmetinize sunulmak \u00fczere haz\u0131rlanm\u0131\u015ft\u0131r. Oda ve ortak alanlarda Kablolu\/Kablosuz \u0130nternet, A\u00e7\u0131k ve Kapal\u0131 Otopark &amp; Vale Hizmeti, e\u015fya Emaneti, 24 saat Concierge Hizmeti sunulmaktad\u0131r. Kahramanmara\u015f \u015fehir merkezi\u2019nde yer alan Clarion Hotel Kahramanmara\u015f; Kahramanmara\u015f M\u00fczesi\u2019ne 400 mt., Piazza AVM\u2019ye 900 mt., Kahramanmara\u015f Kalesi\u2019ne 2 km., Kahramanmara\u015f Otogar\u0131\u2019na 1 km. ve Kahramanmara\u015f Havaliman\u0131\u2019na 7 km. mesafededir..<\/p><p style=\"margin-right: 0px; margin-bottom: 20px; margin-left: 0px; color: #555555; font-family: 'Varela Round', Arial, sans-serif; font-size: 13px;\"><span style=\"font-weight: bold;\">Yak\u0131ndaki \u00f6nemli yerler<\/span><br \/><span style=\"font-size: 1rem;\">Bu otelin tavsiyeleri<\/span><\/p><ul style=\"margin-bottom: 10px; color: #555555; font-family: 'Varela Round', Arial, sans-serif; font-size: 13px; background-color: #ffffff;\"><li>Kahramanmara\u015f M\u00fczesi (4-dakika y\u00fcr\u00fcme mesafesinde)<\/li><li>Ulu Cami (10-dakika y\u00fcr\u00fcme mesafesinde)<\/li><li>Ta\u015f Medrese (11-dakika y\u00fcr\u00fcme mesafesinde)<\/li><li>Dondurma M\u00fczesi ( 10 dakika y\u00fcr\u00fcme mesafesinde)<\/li><li>Kahramanmara\u015f Kalesi (14-dakika y\u00fcr\u00fcme mesafesinde)<\/li><li>Piazza AVM (5-6-dakika y\u00fcr\u00fcme mesafesinde)<\/li><li>Kahramanmaras Hayvanat Bah\u00e7esi (8,6 km)<\/li><li>Tarihi Ta\u015fhan ve H\u0131\u015f\u0131rhan ( 15 dakika y\u00fcr\u00fcme mesafesinde)<\/li><li>Tarihi Kapal\u0131 \u00c7ar\u015f\u0131 ( 12 dakika y\u00fcr\u00fcme mesafesinde)<\/li><li>\u00a0<\/li><li>Bak\u0131rc\u0131lar \u00c7ar\u015f\u0131s\u0131 ( 11 dakika y\u00fcr\u00fcme m\u00fczesi)<\/li><li>Ya\u015far Pastenesi ( 10 dakika y\u00fcr\u00fcme mesafesinde)<\/li><li>Abdulhamithan Cami ( 4 km.)<\/li><li>Yedi Kuyular Kayak Merkezi ( 12 km.)<\/li><li>Kahramanmara\u015f S\u00fct\u00e7\u00fc \u0130mam \u00dcniversitesi ( 10 km.)<\/li><li>Ba\u015fkonu\u015f Yaylas\u0131 (33 km.)<\/li><li>Ta\u015f K\u00f6pr\u00fc (15 km.)<\/li><\/ul><p style=\"margin-right: 0px; margin-bottom: 20px; margin-left: 0px; color: #555555; font-family: 'Varela Round', Arial, sans-serif; font-size: 13px;\">Ula\u015f\u0131m<\/p><ul style=\"margin-bottom: 10px; color: #555555; font-family: 'Varela Round', Arial, sans-serif; font-size: 13px; background-color: #ffffff;\"><li>Kahramanmara\u015f (KCM) \u2013 7 dakika s\u00fcr\u00fc\u015f mesafesinde<\/li><li>Kahramanmara\u015f transfer servisi ( \u00dcCRETL\u0130 )<\/li><\/ul><p style=\"margin-right: 0px; margin-bottom: 20px; margin-left: 0px; color: #555555; font-family: 'Varela Round', Arial, sans-serif; font-size: 13px;\">G\u00fcn i\u00e7erisinde a\u015fa\u011f\u0131da detaylar\u0131 verilen yerlere y\u00fcr\u00fcme mesafesinde gidebilirisiniz;<\/p><ul style=\"margin-bottom: 10px; color: #555555; font-family: 'Varela Round', Arial, sans-serif; font-size: 13px; background-color: #ffffff;\"><li>Kahramanmara\u015f Panorama M\u00fczesi<\/li><li>Kahramanmara\u015f Arkeoloji M\u00fczesi<\/li><li>Germenica Antik Kent<\/li><li>Yedi G\u00fczel Adam M\u00fczesi<\/li><li>Mahmut Arif Pa\u015fa Kona\u011f\u0131<\/li><li>S\u00fct\u00e7\u00fc \u0130mam T\u00fcrbesi<\/li><li>Kahramanmara\u015f Kalesi<\/li><li>Demircilik \u00c7ar\u015f\u0131s\u0131<\/li><li>Mutfak M\u00fczesi<\/li><li>\u00dcd\u00fcrg\u00fcc\u00fc Kona\u011f\u0131 (Somut Olmayan K\u00fclt\u00fcrel De\u011ferler M\u00fczesi)<\/li><\/ul>\t\t\t\t\t\t\t\t<\/div>\n\t\t\t\t<\/div>\n\t\t\t\t\t<\/div>\n\t\t<\/div>\n\t\t\t\t\t<\/div>\n\t\t<\/section>\n\t\t\t\t<\/div>\n\t\t","protected":false},"excerpt":{"rendered":"<p>Hayrullah Mahallesi, Malik Ejder Cd. No:34 Oniki\u015fubat \/ Kahramanmara\u015f, 46040 Bilgi ve Rezervasyon:&nbsp;0(344) 234 1111 info@clarionhotelkahramanmaras.com<\/p>\n","protected":false},"author":1,"featured_media":0,"parent":0,"menu_order":0,"comment_status":"closed","ping_status":"closed","template":"elementor_header_footer","meta":{"footnotes":""},"class_list":["post-1863","page","type-page","status-publish","hentry"],"_links":{"self":[{"href":"https:\/\/expo2023.org\/en\/wp-json\/wp\/v2\/pages\/1863","targetHints":{"allow":["GET"]}}],"collection":[{"href":"https:\/\/expo2023.org\/en\/wp-json\/wp\/v2\/pages"}],"about":[{"href":"https:\/\/expo2023.org\/en\/wp-json\/wp\/v2\/types\/page"}],"author":[{"embeddable":true,"href":"https:\/\/expo2023.org\/en\/wp-json\/wp\/v2\/users\/1"}],"replies":[{"embeddable":true,"href":"https:\/\/expo2023.org\/en\/wp-json\/wp\/v2\/comments?post=1863"}],"version-history":[{"count":1,"href":"https:\/\/expo2023.org\/en\/wp-json\/wp\/v2\/pages\/1863\/revisions"}],"predecessor-version":[{"id":1865,"href":"https:\/\/expo2023.org\/en\/wp-json\/wp\/v2\/pages\/1863\/revisions\/1865"}],"wp:attachment":[{"href":"https:\/\/expo2023.org\/en\/wp-json\/wp\/v2\/media?parent=1863"}],"curies":[{"name":"wp","href":"https:\/\/api.w.org\/{rel}","templated":true}]}}