{"id":2446,"date":"2022-09-12T15:47:07","date_gmt":"2022-09-12T12:47:07","guid":{"rendered":"https:\/\/expo2023.org\/expo-acik-sahne-sanat-akademisi\/"},"modified":"2022-10-30T23:04:06","modified_gmt":"2022-10-30T20:04:06","slug":"expo-acik-sahne-sanat-akademisi","status":"publish","type":"page","link":"https:\/\/expo2023.org\/en\/expo-acik-sahne-sanat-akademisi\/","title":{"rendered":"EXPO &#8211; A\u00c7IK SAHNE SANAT AKADEM\u0130S\u0130"},"content":{"rendered":"\t\t<div data-elementor-type=\"wp-page\" data-elementor-id=\"2446\" class=\"elementor elementor-2446\" data-elementor-settings=\"{&quot;ha_cmc_init_switcher&quot;:&quot;no&quot;}\" data-elementor-post-type=\"page\">\n\t\t\t\t\t\t<section class=\"elementor-section elementor-top-section elementor-element elementor-element-7541feb elementor-section-boxed elementor-section-height-default elementor-section-height-default\" data-id=\"7541feb\" data-element_type=\"section\" data-e-type=\"section\" data-settings=\"{&quot;_ha_eqh_enable&quot;:false}\">\n\t\t\t\t\t\t<div class=\"elementor-container elementor-column-gap-default\">\n\t\t\t\t\t<div class=\"elementor-column elementor-col-100 elementor-top-column elementor-element elementor-element-240ac16\" data-id=\"240ac16\" data-element_type=\"column\" data-e-type=\"column\">\n\t\t\t<div class=\"elementor-widget-wrap elementor-element-populated\">\n\t\t\t\t\t\t<div class=\"elementor-element elementor-element-5cd5427 elementor-widget elementor-widget-ha-pdf-view happy-addon ha-pdf-view\" data-id=\"5cd5427\" data-element_type=\"widget\" data-e-type=\"widget\" data-widget_type=\"ha-pdf-view.default\">\n\t\t\t\t<div class=\"elementor-widget-container\">\n\t\t\t\t\t        <div class=\"pdf_viewer_container\">\n            <div class=\"pdf_viewer_options viewer-5cd5427\" data-pdf-settings=\"{&quot;unique_id&quot;:&quot;viewer-5cd5427&quot;,&quot;pdf_url&quot;:&quot;https:\\\/\\\/expo2023.org\\\/wp-content\\\/uploads\\\/2022\\\/10\\\/SONUC\\u0327LAR-1.pdf&quot;,&quot;file_type&quot;:&quot;upload_file&quot;,&quot;page_number&quot;:&quot;1&quot;,&quot;width&quot;:&quot;90%&quot;,&quot;height&quot;:&quot;1200px&quot;}\">\n\t\t\t\t<span class=\"ha-title-flex\">\n\t\t\t\t\t<span class=\"pdf-icon\">\n\t\t\t\t\t\t<i aria-hidden=\"true\" class=\"fas fa-file-pdf\"><\/i>\t\t\t\t\t<\/span>\n\t\t\t\t\t<h2 class=\"ha-pdf-title\">EXPO \u2013 A\u00c7IK SAHNE SANAT AKADEM\u0130S\u0130 M\u00dcZ\u0130K TOPLULUKLARI ADAY DE\u011eERLEND\u0130RME SONU\u00c7LARI<\/h2>\t\t\t\t<\/span>\n\t\t\t\t                <div class=\"pdf-button\">\n                <a href=\"https:\/\/expo2023.org\/wp-content\/uploads\/2022\/10\/SONUC\u0327LAR-1.pdf\" class=\"ha-btn\" download title=\"EXPO \u2013 A\u00c7IK SAHNE SANAT AKADEM\u0130S\u0130 M\u00dcZ\u0130K TOPLULUKLARI ADAY DE\u011eERLEND\u0130RME SONU\u00c7LARI\">Download<\/a>                <\/div>\n            <\/div>\n\n\t\t\t<div>\n\t\t\t\t<div id=\"viewer-5cd5427\"><\/div>\n\t\t\t<\/div>\n\n        <\/div>\n        \t\t\t\t<\/div>\n\t\t\t\t<\/div>\n\t\t\t\t\t<\/div>\n\t\t<\/div>\n\t\t\t\t\t<\/div>\n\t\t<\/section>\n\t\t\t\t<section class=\"elementor-section elementor-top-section elementor-element elementor-element-fd0b8dd elementor-section-boxed elementor-section-height-default elementor-section-height-default\" data-id=\"fd0b8dd\" data-element_type=\"section\" data-e-type=\"section\" data-settings=\"{&quot;_ha_eqh_enable&quot;:false}\">\n\t\t\t\t\t\t<div class=\"elementor-container elementor-column-gap-default\">\n\t\t\t\t\t<div class=\"elementor-column elementor-col-100 elementor-top-column elementor-element elementor-element-6e4e82fa\" data-id=\"6e4e82fa\" data-element_type=\"column\" data-e-type=\"column\">\n\t\t\t<div class=\"elementor-widget-wrap elementor-element-populated\">\n\t\t\t\t\t\t<div data-ha-element-link=\"{&quot;url&quot;:&quot;https:\\\/\\\/expo2023.org\\\/expo-acik-sahne-sanat-akademisi\\\/expo-acik-sahne-uye-secme-sartnamesi\\\/&quot;,&quot;is_external&quot;:&quot;&quot;,&quot;nofollow&quot;:&quot;&quot;}\" style=\"cursor: pointer\" class=\"elementor-element elementor-element-6f342dd6 elementor-widget elementor-widget-text-editor\" data-id=\"6f342dd6\" data-element_type=\"widget\" data-e-type=\"widget\" data-widget_type=\"text-editor.default\">\n\t\t\t\t<div class=\"elementor-widget-container\">\n\t\t\t\t\t\t\t\t\t<p><strong>Korolar ve Orkestra \u00dcye Se\u00e7me \u015eartnamesi \u0130\u00e7in T\u0131klay\u0131n\u0131z<\/strong><\/p>\t\t\t\t\t\t\t\t<\/div>\n\t\t\t\t<\/div>\n\t\t\t\t\t<\/div>\n\t\t<\/div>\n\t\t\t\t\t<\/div>\n\t\t<\/section>\n\t\t\t\t<\/div>\n\t\t","protected":false},"excerpt":{"rendered":"<p>EXPO \u2013 A\u00c7IK SAHNE SANAT AKADEM\u0130S\u0130 M\u00dcZ\u0130K TOPLULUKLARI ADAY DE\u011eERLEND\u0130RME SONU\u00c7LARI Download Korolar ve Orkestra \u00dcye Se\u00e7me \u015eartnamesi \u0130\u00e7in T\u0131klay\u0131n\u0131z<\/p>\n","protected":false},"author":1,"featured_media":0,"parent":0,"menu_order":0,"comment_status":"closed","ping_status":"closed","template":"elementor_theme","meta":{"footnotes":""},"class_list":["post-2446","page","type-page","status-publish","hentry"],"_links":{"self":[{"href":"https:\/\/expo2023.org\/en\/wp-json\/wp\/v2\/pages\/2446","targetHints":{"allow":["GET"]}}],"collection":[{"href":"https:\/\/expo2023.org\/en\/wp-json\/wp\/v2\/pages"}],"about":[{"href":"https:\/\/expo2023.org\/en\/wp-json\/wp\/v2\/types\/page"}],"author":[{"embeddable":true,"href":"https:\/\/expo2023.org\/en\/wp-json\/wp\/v2\/users\/1"}],"replies":[{"embeddable":true,"href":"https:\/\/expo2023.org\/en\/wp-json\/wp\/v2\/comments?post=2446"}],"version-history":[{"count":5,"href":"https:\/\/expo2023.org\/en\/wp-json\/wp\/v2\/pages\/2446\/revisions"}],"predecessor-version":[{"id":2517,"href":"https:\/\/expo2023.org\/en\/wp-json\/wp\/v2\/pages\/2446\/revisions\/2517"}],"wp:attachment":[{"href":"https:\/\/expo2023.org\/en\/wp-json\/wp\/v2\/media?parent=2446"}],"curies":[{"name":"wp","href":"https:\/\/api.w.org\/{rel}","templated":true}]}}