{"id":305,"date":"2022-03-30T08:26:32","date_gmt":"2022-03-30T08:26:32","guid":{"rendered":"https:\/\/expo2023.org\/?page_id=305"},"modified":"2022-04-06T11:43:07","modified_gmt":"2022-04-06T11:43:07","slug":"message-from-mayor","status":"publish","type":"page","link":"https:\/\/expo2023.org\/en\/message-from-mayor\/","title":{"rendered":"Message from Mayor"},"content":{"rendered":"\t\t<div data-elementor-type=\"wp-page\" data-elementor-id=\"305\" class=\"elementor elementor-305\" data-elementor-settings=\"{&quot;ha_cmc_init_switcher&quot;:&quot;no&quot;}\" data-elementor-post-type=\"page\">\n\t\t\t\t\t\t<section class=\"elementor-section elementor-top-section elementor-element elementor-element-5398675 elementor-section-content-middle elementor-section-boxed elementor-section-height-default elementor-section-height-default\" data-id=\"5398675\" data-element_type=\"section\" data-e-type=\"section\" data-settings=\"{&quot;_ha_eqh_enable&quot;:false}\">\n\t\t\t\t\t\t<div class=\"elementor-container elementor-column-gap-default\">\n\t\t\t\t\t<div class=\"elementor-column elementor-col-50 elementor-top-column elementor-element elementor-element-bb8ba4d\" data-id=\"bb8ba4d\" data-element_type=\"column\" data-e-type=\"column\">\n\t\t\t<div class=\"elementor-widget-wrap elementor-element-populated\">\n\t\t\t\t\t\t<div class=\"elementor-element elementor-element-49eb6b4 elementor-widget elementor-widget-image\" data-id=\"49eb6b4\" data-element_type=\"widget\" data-e-type=\"widget\" data-widget_type=\"image.default\">\n\t\t\t\t<div class=\"elementor-widget-container\">\n\t\t\t\t\t\t\t\t\t\t\t\t\t\t\t<img fetchpriority=\"high\" decoding=\"async\" width=\"576\" height=\"759\" src=\"https:\/\/expo2023.org\/wp-content\/uploads\/2022\/03\/hanefi-mahcicek-1.jpg\" class=\"attachment-large size-large wp-image-348\" alt=\"\" srcset=\"https:\/\/expo2023.org\/wp-content\/uploads\/2022\/03\/hanefi-mahcicek-1.jpg 576w, https:\/\/expo2023.org\/wp-content\/uploads\/2022\/03\/hanefi-mahcicek-1-228x300.jpg 228w\" sizes=\"(max-width: 576px) 100vw, 576px\" \/>\t\t\t\t\t\t\t\t\t\t\t\t\t\t\t<\/div>\n\t\t\t\t<\/div>\n\t\t\t\t<div class=\"elementor-element elementor-element-28a0bf0 elementor-widget elementor-widget-heading\" data-id=\"28a0bf0\" data-element_type=\"widget\" data-e-type=\"widget\" data-widget_type=\"heading.default\">\n\t\t\t\t<div class=\"elementor-widget-container\">\n\t\t\t\t\t<h2 class=\"elementor-heading-title elementor-size-default\">HANEF\u0130 MAH\u00c7\u0130\u00c7EK <br>MAYOR OF ON\u0130K\u0130\u015eUBAT<\/h2>\t\t\t\t<\/div>\n\t\t\t\t<\/div>\n\t\t\t\t\t<\/div>\n\t\t<\/div>\n\t\t\t\t<div class=\"elementor-column elementor-col-50 elementor-top-column elementor-element elementor-element-b2e428d\" data-id=\"b2e428d\" data-element_type=\"column\" data-e-type=\"column\">\n\t\t\t<div class=\"elementor-widget-wrap elementor-element-populated\">\n\t\t\t\t\t\t<div class=\"elementor-element elementor-element-8a481cb elementor-widget elementor-widget-text-editor\" data-id=\"8a481cb\" data-element_type=\"widget\" data-e-type=\"widget\" data-widget_type=\"text-editor.default\">\n\t\t\t\t<div class=\"elementor-widget-container\">\n\t\t\t\t\t\t\t\t\t<p>As the Mayor of Onikisubat\/Kahramanmara\u015f, I am happy and excited to host the Horticultural EXPO 2023 in my city.<\/p><p>Kahramanmara\u015f is a city with a population of approximately 1.18 million people, with its rich culture, nature and well developed social and economic infrastructure.<\/p><p>The name of the city Mara\u015f has a history of 3000 years, and the city has a history of 9000 years. Kahramanmaras, in English means heroic Maras given after its heroic resistance during the Turkish independence war.<\/p><p>Kahramanmara\u015f is an important meeting point for civilizations with its tradition of tolerance and rich cultural heritage.<\/p><p>EXPO 2023 Onikisubat\/Kahramanmara\u015f will be one of the biggest projects that will significantly change the future of our city.<\/p><p>In the global world, Expos provide economic, political and cultural contributions to the countries and cities, take the city&#8217;s brand value to higher levels.<\/p><p>Horticultural Expos bring nature and people together and play a positive role in solving the problems created by rapid urbanization. Expo 2023 is designed in accordance with all these goals.<\/p><p>Year 2023 is the &#8220;100th Anniversary of our Republic&#8221; and the opening day of Expo is April 23rd which is Turkey\u2019s National Sovereignty and Children&#8217;s Day give a deeper meaning to our project.<\/p><p>EXPO 2023 will bring economic development to the horticulture business, and also contribute to the creation of joint investments and employment with the support of participating countries.<\/p><p>I will be honored to welcome you all in Kahramanmara\u015f.<\/p><p>With my Best Regards<\/p>\t\t\t\t\t\t\t\t<\/div>\n\t\t\t\t<\/div>\n\t\t\t\t\t<\/div>\n\t\t<\/div>\n\t\t\t\t\t<\/div>\n\t\t<\/section>\n\t\t\t\t<\/div>\n\t\t","protected":false},"excerpt":{"rendered":"<p>HANEF\u0130 MAH\u00c7\u0130\u00c7EK MAYOR OF ON\u0130K\u0130\u015eUBAT As the Mayor of Onikisubat\/Kahramanmara\u015f, I am happy and excited to host the Horticultural EXPO 2023 in my city. Kahramanmara\u015f is a city with a population of approximately 1.18 million people, with its rich culture, nature and well developed social and economic infrastructure. The name of the city Mara\u015f has [&hellip;]<\/p>\n","protected":false},"author":1,"featured_media":0,"parent":0,"menu_order":0,"comment_status":"closed","ping_status":"closed","template":"elementor_header_footer","meta":{"footnotes":""},"class_list":["post-305","page","type-page","status-publish","hentry"],"_links":{"self":[{"href":"https:\/\/expo2023.org\/en\/wp-json\/wp\/v2\/pages\/305","targetHints":{"allow":["GET"]}}],"collection":[{"href":"https:\/\/expo2023.org\/en\/wp-json\/wp\/v2\/pages"}],"about":[{"href":"https:\/\/expo2023.org\/en\/wp-json\/wp\/v2\/types\/page"}],"author":[{"embeddable":true,"href":"https:\/\/expo2023.org\/en\/wp-json\/wp\/v2\/users\/1"}],"replies":[{"embeddable":true,"href":"https:\/\/expo2023.org\/en\/wp-json\/wp\/v2\/comments?post=305"}],"version-history":[{"count":20,"href":"https:\/\/expo2023.org\/en\/wp-json\/wp\/v2\/pages\/305\/revisions"}],"predecessor-version":[{"id":1550,"href":"https:\/\/expo2023.org\/en\/wp-json\/wp\/v2\/pages\/305\/revisions\/1550"}],"wp:attachment":[{"href":"https:\/\/expo2023.org\/en\/wp-json\/wp\/v2\/media?parent=305"}],"curies":[{"name":"wp","href":"https:\/\/api.w.org\/{rel}","templated":true}]}}