{"id":497,"date":"2022-03-30T09:34:42","date_gmt":"2022-03-30T09:34:42","guid":{"rendered":"https:\/\/expo2023.org\/ulusal-katilimcilar\/"},"modified":"2022-03-30T23:27:20","modified_gmt":"2022-03-30T23:27:20","slug":"national-participants","status":"publish","type":"page","link":"https:\/\/expo2023.org\/en\/national-participants\/","title":{"rendered":"National Participants"},"content":{"rendered":"\t\t<div data-elementor-type=\"wp-page\" data-elementor-id=\"497\" class=\"elementor elementor-497\" data-elementor-settings=\"{&quot;ha_cmc_init_switcher&quot;:&quot;no&quot;}\" data-elementor-post-type=\"page\">\n\t\t\t\t\t\t<section class=\"elementor-section elementor-top-section elementor-element elementor-element-267b150 elementor-section-boxed elementor-section-height-default elementor-section-height-default\" data-id=\"267b150\" data-element_type=\"section\" data-e-type=\"section\" data-settings=\"{&quot;_ha_eqh_enable&quot;:false}\">\n\t\t\t\t\t\t<div class=\"elementor-container elementor-column-gap-default\">\n\t\t\t\t\t<div class=\"elementor-column elementor-col-100 elementor-top-column elementor-element elementor-element-8c993b1\" data-id=\"8c993b1\" data-element_type=\"column\" data-e-type=\"column\">\n\t\t\t<div class=\"elementor-widget-wrap elementor-element-populated\">\n\t\t\t\t\t\t<div class=\"elementor-element elementor-element-90bd1d0 elementor-widget elementor-widget-text-editor\" data-id=\"90bd1d0\" data-element_type=\"widget\" data-e-type=\"widget\" data-widget_type=\"text-editor.default\">\n\t\t\t\t<div class=\"elementor-widget-container\">\n\t\t\t\t\t\t\t\t\t<p>Kahramanmara\u015f S\u00fct\u00e7\u00fc \u0130mam \u00dcniversitesi<\/p><p>Kahramanmara\u015f Sanayi ve Ticaret Odas\u0131<\/p>\t\t\t\t\t\t\t\t<\/div>\n\t\t\t\t<\/div>\n\t\t\t\t\t<\/div>\n\t\t<\/div>\n\t\t\t\t\t<\/div>\n\t\t<\/section>\n\t\t\t\t<\/div>\n\t\t","protected":false},"excerpt":{"rendered":"<p>Kahramanmara\u015f S\u00fct\u00e7\u00fc \u0130mam \u00dcniversitesi Kahramanmara\u015f Sanayi ve Ticaret Odas\u0131<\/p>\n","protected":false},"author":1,"featured_media":0,"parent":0,"menu_order":0,"comment_status":"closed","ping_status":"closed","template":"elementor_header_footer","meta":{"footnotes":""},"class_list":["post-497","page","type-page","status-publish","hentry"],"_links":{"self":[{"href":"https:\/\/expo2023.org\/en\/wp-json\/wp\/v2\/pages\/497","targetHints":{"allow":["GET"]}}],"collection":[{"href":"https:\/\/expo2023.org\/en\/wp-json\/wp\/v2\/pages"}],"about":[{"href":"https:\/\/expo2023.org\/en\/wp-json\/wp\/v2\/types\/page"}],"author":[{"embeddable":true,"href":"https:\/\/expo2023.org\/en\/wp-json\/wp\/v2\/users\/1"}],"replies":[{"embeddable":true,"href":"https:\/\/expo2023.org\/en\/wp-json\/wp\/v2\/comments?post=497"}],"version-history":[{"count":1,"href":"https:\/\/expo2023.org\/en\/wp-json\/wp\/v2\/pages\/497\/revisions"}],"predecessor-version":[{"id":498,"href":"https:\/\/expo2023.org\/en\/wp-json\/wp\/v2\/pages\/497\/revisions\/498"}],"wp:attachment":[{"href":"https:\/\/expo2023.org\/en\/wp-json\/wp\/v2\/media?parent=497"}],"curies":[{"name":"wp","href":"https:\/\/api.w.org\/{rel}","templated":true}]}}